{"id":8688,"date":"2026-04-19T16:52:57","date_gmt":"2026-04-19T16:52:57","guid":{"rendered":"https:\/\/www.wahaj.ma\/?page_id=8688"},"modified":"2026-04-22T16:19:21","modified_gmt":"2026-04-22T16:19:21","slug":"etude-devis","status":"publish","type":"page","link":"https:\/\/www.wahaj.ma\/?page_id=8688","title":{"rendered":"\u00c9tude &#038; Devis"},"content":{"rendered":"\t\t<div data-elementor-type=\"wp-page\" data-elementor-id=\"8688\" class=\"elementor elementor-8688\" data-elementor-post-type=\"page\">\n\t\t\t\t<div class=\"elementor-element elementor-element-f28d608 e-flex e-con-boxed ecomus-responsive-column ecomus-tablet-column--default ecomus-responsive-column ecomus-mobile-column--default e-con e-parent\" data-id=\"f28d608\" data-element_type=\"container\" data-e-type=\"container\">\n\t\t\t\t\t<div class=\"e-con-inner\">\n\t\t<div class=\"elementor-element elementor-element-b03315b e-con-full e-flex ecomus-responsive-column ecomus-tablet-column--default ecomus-responsive-column ecomus-mobile-column--default e-con e-child\" data-id=\"b03315b\" data-element_type=\"container\" data-e-type=\"container\">\n\t\t<div class=\"elementor-element elementor-element-1890a22 e-con-full e-flex ecomus-responsive-column ecomus-tablet-column--default ecomus-responsive-column ecomus-mobile-column--default e-con e-child\" data-id=\"1890a22\" data-element_type=\"container\" data-e-type=\"container\">\n\t\t\t\t<div class=\"elementor-element elementor-element-8fcd271 elementor-widget elementor-widget-image\" data-id=\"8fcd271\" data-element_type=\"widget\" data-e-type=\"widget\" data-widget_type=\"image.default\">\n\t\t\t\t\t\t\t\t\t\t\t\t\t\t\t<img fetchpriority=\"high\" decoding=\"async\" width=\"1000\" height=\"791\" src=\"https:\/\/www.wahaj.ma\/wp-content\/uploads\/2026\/04\/fca82c664f8674718dab0b85855501df.jpg\" class=\"attachment-full size-full wp-image-7805\" alt=\"\" srcset=\"https:\/\/www.wahaj.ma\/wp-content\/uploads\/2026\/04\/fca82c664f8674718dab0b85855501df.jpg 1000w, https:\/\/www.wahaj.ma\/wp-content\/uploads\/2026\/04\/fca82c664f8674718dab0b85855501df-300x237.jpg 300w, https:\/\/www.wahaj.ma\/wp-content\/uploads\/2026\/04\/fca82c664f8674718dab0b85855501df-768x607.jpg 768w, https:\/\/www.wahaj.ma\/wp-content\/uploads\/2026\/04\/fca82c664f8674718dab0b85855501df-15x12.jpg 15w, https:\/\/www.wahaj.ma\/wp-content\/uploads\/2026\/04\/fca82c664f8674718dab0b85855501df-600x475.jpg 600w, https:\/\/www.wahaj.ma\/wp-content\/uploads\/2026\/04\/fca82c664f8674718dab0b85855501df-130x103.jpg 130w\" sizes=\"(max-width: 1000px) 100vw, 1000px\" \/>\t\t\t\t\t\t\t\t\t\t\t\t\t\t\t<\/div>\n\t\t\t\t<\/div>\n\t\t<div class=\"elementor-element elementor-element-6b7a19c e-con-full e-flex ecomus-responsive-column ecomus-tablet-column--default ecomus-responsive-column ecomus-mobile-column--default e-con e-child\" data-id=\"6b7a19c\" data-element_type=\"container\" data-e-type=\"container\" data-settings=\"{&quot;background_background&quot;:&quot;classic&quot;}\">\n\t\t\t\t<div class=\"elementor-element elementor-element-91afe6a elementor-widget elementor-widget-ecomus-heading\" data-id=\"91afe6a\" data-element_type=\"widget\" data-e-type=\"widget\" data-widget_type=\"ecomus-heading.default\">\n\t\t\t\t<div class=\"elementor-widget-container\">\n\t\t\t\t\t\t\t<div class=\"ecomus-heading-elementor\">\n\t\t\t\t<h2 class=\"ecomus-heading em-flex em-flex-align-center ecomus-heading--default\">\n\t\t\t\t\t\t\t\t\t\t\u00c9tude &amp; Devis\t\t\t\t<\/h2>\n\t\t\t<\/div>\n\t\t\t\t\t\t<\/div>\n\t\t\t\t<\/div>\n\t\t\t\t<div class=\"elementor-element elementor-element-207f8ab elementor-widget elementor-widget-ecomus-heading\" data-id=\"207f8ab\" data-element_type=\"widget\" data-e-type=\"widget\" data-widget_type=\"ecomus-heading.default\">\n\t\t\t\t<div class=\"elementor-widget-container\">\n\t\t\t\t\t\t\t<div class=\"ecomus-heading-elementor\">\n\t\t\t\t<h2 class=\"ecomus-heading em-flex em-flex-align-center ecomus-heading--default\">\n\t\t\t\t\t\t\t\t\t\tVotre projet m\u00e9rite une analyse s\u00e9rieuse.\t\t\t\t<\/h2>\n\t\t\t<\/div>\n\t\t\t\t\t\t<\/div>\n\t\t\t\t<\/div>\n\t\t\t\t<div class=\"elementor-element elementor-element-fad313d elementor-widget elementor-widget-ecomus-heading\" data-id=\"fad313d\" data-element_type=\"widget\" data-e-type=\"widget\" data-widget_type=\"ecomus-heading.default\">\n\t\t\t\t<div class=\"elementor-widget-container\">\n\t\t\t\t\t\t\t<div class=\"ecomus-heading-elementor\">\n\t\t\t\t<p class=\"ecomus-heading em-flex em-flex-align-center ecomus-heading--default\">\n\t\t\t\t\t\t\t\t\t\tDes syst\u00e8mes solaires aux infrastructures de recharge VE \u2014 WAHAJ \u00e9tudie votre projet, dimensionne votre syst\u00e8me sur vos donn\u00e9es r\u00e9elles et vous propose un devis sur mesure. Un conseiller technique vous rappelle sous 24h.\t\t\t\t<\/p>\n\t\t\t<\/div>\n\t\t\t\t\t\t<\/div>\n\t\t\t\t<\/div>\n\t\t\t\t<div class=\"elementor-element elementor-element-8576f05 elementor-widget elementor-widget-ecomus-button\" data-id=\"8576f05\" data-element_type=\"widget\" data-e-type=\"widget\" data-widget_type=\"ecomus-button.default\">\n\t\t\t\t<div class=\"elementor-widget-container\">\n\t\t\t\t\t\t\t<a href=\"#\" class=\"ecomus-button-link ecomus-button em-button em-button-hover-eff\">\r\n\t\t\t\t\t\t\t\t\t<span class=\"ecomus-button-text\">Nous contacter<\/span>\t\t<\/a>\r\n\t\t\t\t\t\t<\/div>\n\t\t\t\t<\/div>\n\t\t\t\t<\/div>\n\t\t\t\t<\/div>\n\t\t\t\t\t<\/div>\n\t\t\t\t<\/div>\n\t\t<div class=\"elementor-element elementor-element-a0e29eb e-flex e-con-boxed ecomus-responsive-column ecomus-tablet-column--default ecomus-responsive-column ecomus-mobile-column--default e-con e-parent\" data-id=\"a0e29eb\" data-element_type=\"container\" data-e-type=\"container\" data-settings=\"{&quot;background_background&quot;:&quot;classic&quot;}\">\n\t\t\t\t\t<div class=\"e-con-inner\">\n\t\t<div class=\"elementor-element elementor-element-b3302ba e-con-full e-flex ecomus-responsive-column ecomus-tablet-column--default ecomus-responsive-column ecomus-mobile-column--default e-con e-child\" data-id=\"b3302ba\" data-element_type=\"container\" data-e-type=\"container\">\n\t\t\t\t<div class=\"elementor-element elementor-element-99efdfd elementor-widget elementor-widget-ecomus-contact-form\" data-id=\"99efdfd\" data-element_type=\"widget\" data-e-type=\"widget\" data-widget_type=\"ecomus-contact-form.default\">\n\t\t\t\t<div class=\"elementor-widget-container\">\n\t\t\t\t\t\t\t<div class=\"ecomus-contact-form ecomus-custom-button--skin\">\n\t\t\t\n<div class=\"wpcf7 no-js\" id=\"wpcf7-f8834-o1\" lang=\"fr-FR\" dir=\"ltr\" data-wpcf7-id=\"8834\">\n<div class=\"screen-reader-response\"><p role=\"status\" aria-live=\"polite\" aria-atomic=\"true\"><\/p> <ul><\/ul><\/div>\n<form action=\"\/index.php?rest_route=%2Fwp%2Fv2%2Fpages%2F8688#wpcf7-f8834-o1\" method=\"post\" class=\"wpcf7-form init\" aria-label=\"Formulaire de contact\" novalidate=\"novalidate\" data-status=\"init\">\n<fieldset class=\"hidden-fields-container\"><input type=\"hidden\" name=\"_wpcf7\" value=\"8834\" \/><input type=\"hidden\" name=\"_wpcf7_version\" value=\"6.1.5\" \/><input type=\"hidden\" name=\"_wpcf7_locale\" value=\"fr_FR\" \/><input type=\"hidden\" name=\"_wpcf7_unit_tag\" value=\"wpcf7-f8834-o1\" \/><input type=\"hidden\" name=\"_wpcf7_container_post\" value=\"0\" \/><input type=\"hidden\" name=\"_wpcf7_posted_data_hash\" value=\"\" \/>\n<\/fieldset>\n<div class=\"wk-form\">\n\t<div class=\"wk-section-title\">\n\t\t<p>Informations sur votre projet\n\t\t<\/p>\n\t<\/div>\n\t<div class=\"wk-col-full\">\n\t\t<p><label class=\"wk-label\">Vous souhaitez <span class=\"wk-req\">*<\/span><\/label><br \/>\n<span class=\"wpcf7-form-control-wrap\" data-name=\"type-demande\"><select class=\"wpcf7-form-control wpcf7-select wpcf7-validates-as-required wk-select\" aria-required=\"true\" aria-invalid=\"false\" name=\"type-demande\"><option value=\"S\u00e9lectionnez votre besoin...\">S\u00e9lectionnez votre besoin...<\/option><option value=\"Une \u00e9tude compl\u00e8te et un devis\">Une \u00e9tude compl\u00e8te et un devis<\/option><option value=\"Une cotation rapide sur liste de mat\u00e9riel\">Une cotation rapide sur liste de mat\u00e9riel<\/option><option value=\"Un conseil avant achat\">Un conseil avant achat<\/option><option value=\"Un renseignement g\u00e9n\u00e9ral\">Un renseignement g\u00e9n\u00e9ral<\/option><\/select><\/span>\n\t\t<\/p>\n\t<\/div>\n\t<div class=\"wk-row\">\n\t\t<div class=\"wk-col\">\n\t\t\t<p><label class=\"wk-label\">Type de projet <span class=\"wk-req\">*<\/span><\/label><br \/>\n<span class=\"wpcf7-form-control-wrap\" data-name=\"type-projet\"><select class=\"wpcf7-form-control wpcf7-select wpcf7-validates-as-required wk-select\" aria-required=\"true\" aria-invalid=\"false\" name=\"type-projet\"><option value=\"S\u00e9lectionnez...\">S\u00e9lectionnez...<\/option><option value=\"R\u00e9sidentiel (maison, villa)\">R\u00e9sidentiel (maison, villa)<\/option><option value=\"Commercial et tertiaire\">Commercial et tertiaire<\/option><option value=\"Industriel\">Industriel<\/option><option value=\"Pompage agricole\">Pompage agricole<\/option><option value=\"Site isol\u00e9 ou off-grid\">Site isol\u00e9 ou off-grid<\/option><\/select><\/span>\n\t\t\t<\/p>\n\t\t<\/div>\n\t\t<div class=\"wk-col\">\n\t\t\t<p><label class=\"wk-label\">Sp\u00e9cialit\u00e9 <span class=\"wk-req\">*<\/span><\/label><br \/>\n<span class=\"wpcf7-form-control-wrap\" data-name=\"specialite\"><select class=\"wpcf7-form-control wpcf7-select wpcf7-validates-as-required wk-select\" aria-required=\"true\" aria-invalid=\"false\" name=\"specialite\"><option value=\"S\u00e9lectionnez...\">S\u00e9lectionnez...<\/option><option value=\"Solaire photovolta\u00efque\">Solaire photovolta\u00efque<\/option><option value=\"Stockage d&#039;\u00e9nergie\">Stockage d&#039;\u00e9nergie<\/option><option value=\"Recharge VE\">Recharge VE<\/option><option value=\"Syst\u00e8me complet\">Syst\u00e8me complet<\/option><option value=\"Je ne sais pas encore\">Je ne sais pas encore<\/option><\/select><\/span>\n\t\t\t<\/p>\n\t\t<\/div>\n\t<\/div>\n\t<div class=\"wk-row\">\n\t\t<div class=\"wk-col\">\n\t\t\t<p><label class=\"wk-label\">Ville ou r\u00e9gion <span class=\"wk-req\">*<\/span><\/label><br \/>\n<span class=\"wpcf7-form-control-wrap\" data-name=\"ville\"><input size=\"40\" maxlength=\"400\" class=\"wpcf7-form-control wpcf7-text wpcf7-validates-as-required wk-input\" aria-required=\"true\" aria-invalid=\"false\" placeholder=\"Ex : Casablanca, Agadir...\" value=\"\" type=\"text\" name=\"ville\" \/><\/span>\n\t\t\t<\/p>\n\t\t<\/div>\n\t\t<div class=\"wk-col\">\n\t\t\t<p><label class=\"wk-label\">Consommation ou puissance<\/label><br \/>\n<span class=\"wpcf7-form-control-wrap\" data-name=\"puissance\"><input size=\"40\" maxlength=\"400\" class=\"wpcf7-form-control wpcf7-text wk-input\" aria-invalid=\"false\" placeholder=\"Ex : 500 MAD\/mois, 10 kWc, 50 CV...\" value=\"\" type=\"text\" name=\"puissance\" \/><\/span>\n\t\t\t<\/p>\n\t\t<\/div>\n\t<\/div>\n\t<div class=\"wk-col-full\">\n\t\t<p><label class=\"wk-label\">Votre message<\/label><br \/>\n<span class=\"wpcf7-form-control-wrap\" data-name=\"message\"><textarea cols=\"40\" rows=\"10\" maxlength=\"2000\" class=\"wpcf7-form-control wpcf7-textarea wk-textarea\" aria-invalid=\"false\" placeholder=\"D\u00e9crivez votre projet en quelques mots. Vous pouvez aussi lister le mat\u00e9riel souhait\u00e9.\" name=\"message\"><\/textarea><\/span>\n\t\t<\/p>\n\t<\/div>\n\t<div class=\"wk-section-title\">\n\t\t<p>Vos coordonn\u00e9es\n\t\t<\/p>\n\t<\/div>\n\t<div class=\"wk-row\">\n\t\t<div class=\"wk-col\">\n\t\t\t<p><label class=\"wk-label\">Nom, pr\u00e9nom ou entreprise <span class=\"wk-req\">*<\/span><\/label><br \/>\n<span class=\"wpcf7-form-control-wrap\" data-name=\"nom\"><input size=\"40\" maxlength=\"400\" class=\"wpcf7-form-control wpcf7-text wpcf7-validates-as-required wk-input\" aria-required=\"true\" aria-invalid=\"false\" placeholder=\"Votre nom ou raison sociale\" value=\"\" type=\"text\" name=\"nom\" \/><\/span>\n\t\t\t<\/p>\n\t\t<\/div>\n\t\t<div class=\"wk-col\">\n\t\t\t<p><label class=\"wk-label\">T\u00e9l\u00e9phone WhatsApp <span class=\"wk-req\">*<\/span><\/label><br \/>\n<span class=\"wpcf7-form-control-wrap\" data-name=\"telephone\"><input size=\"40\" maxlength=\"400\" class=\"wpcf7-form-control wpcf7-tel wpcf7-validates-as-required wpcf7-text wpcf7-validates-as-tel wk-input\" aria-required=\"true\" aria-invalid=\"false\" placeholder=\"+212 6XX XXX XXX\" value=\"\" type=\"tel\" name=\"telephone\" \/><\/span>\n\t\t\t<\/p>\n\t\t<\/div>\n\t<\/div>\n\t<div class=\"wk-col-full\">\n\t\t<p><label class=\"wk-label\">Email<\/label><br \/>\n<span class=\"wpcf7-form-control-wrap\" data-name=\"email\"><input size=\"40\" maxlength=\"400\" class=\"wpcf7-form-control wpcf7-email wpcf7-text wpcf7-validates-as-email wk-input\" aria-invalid=\"false\" placeholder=\"votre@email.com\" value=\"\" type=\"email\" name=\"email\" \/><\/span>\n\t\t<\/p>\n\t<\/div>\n\t<div class=\"wk-section-title wk-section-title--black\">\n\t\t<p>Confidentialit\u00e9\n\t\t<\/p>\n\t<\/div>\n\t<div class=\"wk-privacy-block\">\n\t\t<div class=\"wk-privacy-inner\">\n\t\t\t<p><span class=\"wpcf7-form-control-wrap\" data-name=\"rgpd\"><span class=\"wpcf7-form-control wpcf7-acceptance\"><span class=\"wpcf7-list-item\"><input type=\"checkbox\" name=\"rgpd\" value=\"1\" class=\"wk-checkbox\" aria-invalid=\"false\" \/><\/span><\/span><\/span><br \/>\n<span class=\"wk-privacy-text\">J'accepte que WAHAJ collecte et traite mes donn\u00e9es personnelles dans le cadre de ma demande. Ces donn\u00e9es sont utilis\u00e9es uniquement pour r\u00e9pondre \u00e0 ma demande et ne sont pas transmises \u00e0 des tiers. Conform\u00e9ment \u00e0 la <strong>Loi 09-08<\/strong> relative \u00e0 la protection des personnes physiques \u00e0 l'\u00e9gard du traitement des donn\u00e9es \u00e0 caract\u00e8re personnel, vous disposez d'un droit d'acc\u00e8s, de rectification et de suppression. <a href=\"\/politique-de-confidentialite\/\" class=\"wk-privacy-link\">Politique de confidentialit\u00e9<\/a> \u2014 <a href=\"\/ccu\/\" class=\"wk-privacy-link\">CGU<\/a> \u2014 <a href=\"\/cgv\/\" class=\"wk-privacy-link\">CGV<\/a><\/span>\n\t\t\t<\/p>\n\t\t<\/div>\n\t<\/div>\n\t<p><input class=\"wpcf7-form-control wpcf7-submit has-spinner wk-submit\" type=\"submit\" value=\"Envoyer ma demande \u2014 R\u00e9ponse sous 24h\" \/>\n\t<\/p>\n\t<p class=\"wk-footnote\">Les champs marqu\u00e9s d'un <span class=\"wk-req\">*<\/span> sont obligatoires. Traitement du lundi au samedi.\n\t<\/p>\n<\/div><div class=\"wpcf7-response-output\" aria-hidden=\"true\"><\/div>\n<\/form>\n<\/div>\n\t\t<\/div>\n\t\t\t\t\t\t<\/div>\n\t\t\t\t<\/div>\n\t\t\t\t<\/div>\n\t\t<div class=\"elementor-element elementor-element-58f5ac2 e-con-full e-flex ecomus-responsive-column ecomus-tablet-column--default ecomus-responsive-column ecomus-mobile-column--default e-con e-child\" data-id=\"58f5ac2\" data-element_type=\"container\" data-e-type=\"container\" data-settings=\"{&quot;background_background&quot;:&quot;classic&quot;}\">\n\t\t\t\t<div class=\"elementor-element elementor-element-b5c0210 elementor-widget elementor-widget-ecomus-heading\" data-id=\"b5c0210\" data-element_type=\"widget\" data-e-type=\"widget\" data-widget_type=\"ecomus-heading.default\">\n\t\t\t\t<div class=\"elementor-widget-container\">\n\t\t\t\t\t\t\t<div class=\"ecomus-heading-elementor\">\n\t\t\t\t<h5 class=\"ecomus-heading em-flex em-flex-align-center ecomus-heading--default\">\n\t\t\t\t\t\t\t\t\t\tContact direct\t\t\t\t<\/h5>\n\t\t\t<\/div>\n\t\t\t\t\t\t<\/div>\n\t\t\t\t<\/div>\n\t\t\t\t<div class=\"elementor-element elementor-element-33ba2cf elementor-widget elementor-widget-text-editor\" data-id=\"33ba2cf\" data-element_type=\"widget\" data-e-type=\"widget\" data-widget_type=\"text-editor.default\">\n\t\t\t\t\t\t\t\t\t<p class=\"font-claude-response-body break-words whitespace-normal leading-[1.7]\"><strong>WhatsApp<\/strong> \u2014 Envoyez vos factures, plans ou liste de mat\u00e9riel\u00a0<\/p><p class=\"font-claude-response-body break-words whitespace-normal leading-[1.7]\"><strong>Email<\/strong> \u2014 Pour les cahiers des charges et documents techniques\u00a0<\/p>\t\t\t\t\t\t\t\t<\/div>\n\t\t<div class=\"elementor-element elementor-element-e429096 e-con-full e-flex ecomus-responsive-column ecomus-tablet-column--default ecomus-responsive-column ecomus-mobile-column--default e-con e-child\" data-id=\"e429096\" data-element_type=\"container\" data-e-type=\"container\">\n\t\t\t\t<div class=\"elementor-element elementor-element-2dd1213 elementor-widget elementor-widget-ecomus-button\" data-id=\"2dd1213\" data-element_type=\"widget\" data-e-type=\"widget\" data-widget_type=\"ecomus-button.default\">\n\t\t\t\t<div class=\"elementor-widget-container\">\n\t\t\t\t\t\t\t<a href=\"mailto:contact@wahaj.ma\" class=\"ecomus-button-link ecomus-button em-button em-button-hover-eff\">\r\n\t\t\t\t\t\t\t\t\t<span class=\"ecomus-button-text\">\u00c9crire un email<\/span>\t\t<\/a>\r\n\t\t\t\t\t\t<\/div>\n\t\t\t\t<\/div>\n\t\t\t\t<div class=\"elementor-element elementor-element-ed3dfa9 elementor-widget elementor-widget-ecomus-button\" data-id=\"ed3dfa9\" data-element_type=\"widget\" data-e-type=\"widget\" data-widget_type=\"ecomus-button.default\">\n\t\t\t\t<div class=\"elementor-widget-container\">\n\t\t\t\t\t\t\t<a href=\"https:\/\/wa.me\/212660500110?text=Bonjour%20WAHAJ%2C%20je%20souhaite%20un%20devis%20pour%20mon%20projet.\" class=\"ecomus-button-link ecomus-button em-button em-button-subtle em-button-icon-alway\" target=\"_blank\" rel=\"noopener\">\r\n\t\t\t<span class=\"ecomus-button-text\">Ouvrir WhatsApp<\/span>\t\t\t\t\t\t\t\t\t\t\t\t<span class=\"ecomus-svg-icon ecomus-align-icon-right\">\r\n\t\t\t\t\t\t<svg xmlns=\"http:\/\/www.w3.org\/2000\/svg\" width=\"32\" height=\"32\" viewBox=\"0 0 32 32\"><path d=\"M3.446 32l-3.446-3.446 23.631-23.631h-21.169v-4.923h29.538v29.538h-4.923v-21.169l-23.631 23.631z\"><\/path><\/svg>\t\t\t\t\t<\/span>\r\n\t\t\t\t\t\t\t\t\t\t\t\t<\/a>\r\n\t\t\t\t\t\t<\/div>\n\t\t\t\t<\/div>\n\t\t\t\t<\/div>\n\t\t\t\t<\/div>\n\t\t\t\t\t<\/div>\n\t\t\t\t<\/div>\n\t\t<div class=\"elementor-element elementor-element-bc79696 e-flex e-con-boxed ecomus-responsive-column ecomus-tablet-column--default ecomus-responsive-column ecomus-mobile-column--default e-con e-parent\" data-id=\"bc79696\" data-element_type=\"container\" data-e-type=\"container\" data-settings=\"{&quot;background_background&quot;:&quot;classic&quot;}\">\n\t\t\t\t\t<div class=\"e-con-inner\">\n\t\t<div class=\"elementor-element elementor-element-cde46c9 e-con-full e-flex ecomus-responsive-column ecomus-tablet-column--default ecomus-responsive-column ecomus-mobile-column--default e-con e-child\" data-id=\"cde46c9\" data-element_type=\"container\" data-e-type=\"container\">\n\t\t<div class=\"elementor-element elementor-element-0d4789e e-con-full e-flex ecomus-responsive-column ecomus-tablet-column--default ecomus-responsive-column ecomus-mobile-column--default e-con e-child\" data-id=\"0d4789e\" data-element_type=\"container\" data-e-type=\"container\" data-settings=\"{&quot;background_background&quot;:&quot;classic&quot;}\">\n\t\t\t\t<div class=\"elementor-element elementor-element-c5c1abe elementor-widget elementor-widget-ecomus-heading\" data-id=\"c5c1abe\" data-element_type=\"widget\" data-e-type=\"widget\" data-widget_type=\"ecomus-heading.default\">\n\t\t\t\t<div class=\"elementor-widget-container\">\n\t\t\t\t\t\t\t<div class=\"ecomus-heading-elementor\">\n\t\t\t\t<h2 class=\"ecomus-heading em-flex em-flex-align-center ecomus-heading--default\">\n\t\t\t\t\t\t\t\t\t\t\u00c9tude technique professionnelle\t\t\t\t<\/h2>\n\t\t\t<\/div>\n\t\t\t\t\t\t<\/div>\n\t\t\t\t<\/div>\n\t\t\t\t<div class=\"elementor-element elementor-element-adba141 elementor-widget elementor-widget-ecomus-heading\" data-id=\"adba141\" data-element_type=\"widget\" data-e-type=\"widget\" data-widget_type=\"ecomus-heading.default\">\n\t\t\t\t<div class=\"elementor-widget-container\">\n\t\t\t\t\t\t\t<div class=\"ecomus-heading-elementor\">\n\t\t\t\t<p class=\"ecomus-heading em-flex em-flex-align-center ecomus-heading--default\">\n\t\t\t\t\t\t\t\t\t\tPour les entreprises, industriels et porteurs de projets structur\u00e9s, WAHAJ propose une \u00e9tude technique approfondie en tant que prestation d\u00e9di\u00e9e \u2014 simulation de production sur donn\u00e9es m\u00e9t\u00e9orologiques locales r\u00e9elles, dimensionnement pr\u00e9cis, analyse ROI, rapport technique livrable exploitable ind\u00e9pendamment de la commande.\nSimulation de production sur donn\u00e9es m\u00e9t\u00e9orologiques locales r\u00e9elles. Dimensionnement pr\u00e9cis sur votre profil de consommation. Analyse ROI et options de financement. Rapport technique livrable \u2014 exploitable ind\u00e9pendamment de la commande.\nUne \u00e9tude s\u00e9rieuse mobilise nos ing\u00e9nieurs et produit un document qui vous appartient. C'est ce qui diff\u00e9rencie WAHAJ d'un simple devis commercial.\t\t\t\t<\/p>\n\t\t\t<\/div>\n\t\t\t\t\t\t<\/div>\n\t\t\t\t<\/div>\n\t\t<div class=\"elementor-element elementor-element-1269985 e-con-full e-flex ecomus-responsive-column ecomus-tablet-column--default ecomus-responsive-column ecomus-mobile-column--default e-con e-child\" data-id=\"1269985\" data-element_type=\"container\" data-e-type=\"container\">\n\t\t\t\t<div class=\"elementor-element elementor-element-6ad5f57 elementor-widget elementor-widget-ecomus-button\" data-id=\"6ad5f57\" data-element_type=\"widget\" data-e-type=\"widget\" data-widget_type=\"ecomus-button.default\">\n\t\t\t\t<div class=\"elementor-widget-container\">\n\t\t\t\t\t\t\t<a href=\"#\" class=\"ecomus-button-link ecomus-button em-button em-button-hover-eff\">\r\n\t\t\t\t\t\t\t\t\t<span class=\"ecomus-button-text\">Demander une \u00c9tude<\/span>\t\t<\/a>\r\n\t\t\t\t\t\t<\/div>\n\t\t\t\t<\/div>\n\t\t\t\t<div class=\"elementor-element elementor-element-8493be3 elementor-widget elementor-widget-ecomus-button\" data-id=\"8493be3\" data-element_type=\"widget\" data-e-type=\"widget\" data-widget_type=\"ecomus-button.default\">\n\t\t\t\t<div class=\"elementor-widget-container\">\n\t\t\t\t\t\t\t<a href=\"#\" class=\"ecomus-button-link ecomus-button em-button em-button-subtle em-button-icon-alway\">\r\n\t\t\t<span class=\"ecomus-button-text\">Acc\u00e9der \u00e0 notre Boutique<\/span>\t\t\t\t\t\t\t\t\t\t\t\t<span class=\"ecomus-svg-icon ecomus-align-icon-right\">\r\n\t\t\t\t\t\t<svg xmlns=\"http:\/\/www.w3.org\/2000\/svg\" width=\"32\" height=\"32\" viewBox=\"0 0 32 32\"><path d=\"M3.446 32l-3.446-3.446 23.631-23.631h-21.169v-4.923h29.538v29.538h-4.923v-21.169l-23.631 23.631z\"><\/path><\/svg>\t\t\t\t\t<\/span>\r\n\t\t\t\t\t\t\t\t\t\t\t\t<\/a>\r\n\t\t\t\t\t\t<\/div>\n\t\t\t\t<\/div>\n\t\t\t\t<\/div>\n\t\t\t\t<\/div>\n\t\t\t\t<\/div>\n\t\t\t\t\t<\/div>\n\t\t\t\t<\/div>\n\t\t\t\t<\/div>\n\t\t","protected":false},"excerpt":{"rendered":"<p>\u00c9tude &amp; Devis Votre projet m\u00e9rite une analyse s\u00e9rieuse. Des syst\u00e8mes solaires aux infrastructures de recharge VE \u2014 WAHAJ \u00e9tudie votre projet, dimensionne votre syst\u00e8me sur vos donn\u00e9es r\u00e9elles et vous propose un devis sur mesure. Un conseiller technique vous rappelle sous 24h. Nous contacter Informations sur votre projet Vous souhaitez * S\u00e9lectionnez votre besoin&#8230;Une [&hellip;]<\/p>\n","protected":false},"author":1,"featured_media":0,"parent":0,"menu_order":0,"comment_status":"closed","ping_status":"closed","template":"","meta":{"_acf_changed":false,"footnotes":""},"class_list":["post-8688","page","type-page","status-publish","hentry"],"acf":[],"_links":{"self":[{"href":"https:\/\/www.wahaj.ma\/index.php?rest_route=\/wp\/v2\/pages\/8688","targetHints":{"allow":["GET"]}}],"collection":[{"href":"https:\/\/www.wahaj.ma\/index.php?rest_route=\/wp\/v2\/pages"}],"about":[{"href":"https:\/\/www.wahaj.ma\/index.php?rest_route=\/wp\/v2\/types\/page"}],"author":[{"embeddable":true,"href":"https:\/\/www.wahaj.ma\/index.php?rest_route=\/wp\/v2\/users\/1"}],"replies":[{"embeddable":true,"href":"https:\/\/www.wahaj.ma\/index.php?rest_route=%2Fwp%2Fv2%2Fcomments&post=8688"}],"version-history":[{"count":355,"href":"https:\/\/www.wahaj.ma\/index.php?rest_route=\/wp\/v2\/pages\/8688\/revisions"}],"predecessor-version":[{"id":9243,"href":"https:\/\/www.wahaj.ma\/index.php?rest_route=\/wp\/v2\/pages\/8688\/revisions\/9243"}],"wp:attachment":[{"href":"https:\/\/www.wahaj.ma\/index.php?rest_route=%2Fwp%2Fv2%2Fmedia&parent=8688"}],"curies":[{"name":"wp","href":"https:\/\/api.w.org\/{rel}","templated":true}]}}