{"id":8376,"date":"2026-04-21T23:08:49","date_gmt":"2026-04-21T23:08:49","guid":{"rendered":"https:\/\/www.wahaj.ma\/?page_id=8376"},"modified":"2026-04-22T18:04:07","modified_gmt":"2026-04-22T18:04:07","slug":"ccu","status":"publish","type":"page","link":"https:\/\/www.wahaj.ma\/?page_id=8376","title":{"rendered":"Conditions G\u00e9n\u00e9nrales d&#8217;Utilisation &#8211; CCU"},"content":{"rendered":"\t\t<div data-elementor-type=\"wp-page\" data-elementor-id=\"8376\" class=\"elementor elementor-8376\" data-elementor-post-type=\"page\">\n\t\t\t\t<div class=\"elementor-element elementor-element-f0c432e e-flex e-con-boxed ecomus-responsive-column ecomus-tablet-column--default ecomus-responsive-column ecomus-mobile-column--default e-con e-parent\" data-id=\"f0c432e\" data-element_type=\"container\" data-e-type=\"container\">\n\t\t\t\t\t<div class=\"e-con-inner\">\n\t\t<div class=\"elementor-element elementor-element-6373f55 e-con-full e-flex ecomus-responsive-column ecomus-tablet-column--default ecomus-responsive-column ecomus-mobile-column--default e-con e-child\" data-id=\"6373f55\" data-element_type=\"container\" data-e-type=\"container\">\n\t\t\t\t<\/div>\n\t\t<div class=\"elementor-element elementor-element-20b2d96 e-con-full e-flex ecomus-responsive-column ecomus-tablet-column--default ecomus-responsive-column ecomus-mobile-column--default e-con e-child\" data-id=\"20b2d96\" data-element_type=\"container\" data-e-type=\"container\">\n\t\t\t\t<div class=\"elementor-element elementor-element-22906db elementor-widget elementor-widget-text-editor\" data-id=\"22906db\" data-element_type=\"widget\" data-e-type=\"widget\" data-widget_type=\"text-editor.default\">\n\t\t\t\t\t\t\t\t\t<h5>Article 1 \u2014 Objet<\/h5><p>Les pr\u00e9sentes CGU encadrent l\u2019utilisation du site WAHAJ Energy.<\/p><h5>Article 2 \u2014 Acc\u00e8s<\/h5><p>Le site est accessible \u00e0 tout utilisateur disposant d\u2019un acc\u00e8s internet.<br \/>WAHAJ peut modifier, suspendre ou interrompre le site \u00e0 tout moment.<\/p><h5>Article 3 \u2014 Compte utilisateur<\/h5><p>L\u2019utilisateur est responsable de la confidentialit\u00e9 de ses identifiants et de l\u2019utilisation de son compte.<\/p><h5>Article 4 \u2014 Contenu<\/h5><p>Les informations pr\u00e9sentes sur le site sont fournies \u00e0 titre indicatif.<br \/>WAHAJ ne garantit pas leur exactitude ou leur exhaustivit\u00e9.<\/p><h5>Article 5 \u2014 Propri\u00e9t\u00e9 intellectuelle<\/h5><p>L\u2019ensemble des contenus du site est prot\u00e9g\u00e9 par le droit de la propri\u00e9t\u00e9 intellectuelle.<br \/>Toute reproduction est interdite sans autorisation.<\/p><h5>Article 6 \u2014 Outils et simulateurs<\/h5><p>Les outils de simulation (production, dimensionnement, \u00e9conomies) sont fournis \u00e0 titre indicatif.<br \/>Les r\u00e9sultats r\u00e9els peuvent varier.<\/p><h5>Article 7 \u2014 Responsabilit\u00e9<\/h5><p>WAHAJ ne peut \u00eatre tenu responsable :<\/p><ul><li><p>des interruptions du site<\/p><\/li><li><p>des erreurs techniques<\/p><\/li><li><p>de l\u2019utilisation inappropri\u00e9e du site<\/p><\/li><\/ul><h5>Article 8 \u2014 Utilisation interdite<\/h5><p>Il est interdit :<\/p><ul><li><p>d\u2019utiliser le site \u00e0 des fins frauduleuses<\/p><\/li><li><p>de tenter d\u2019acc\u00e9der aux syst\u00e8mes internes<\/p><\/li><li><p>de reproduire ou exploiter les contenus sans autorisation<\/p><\/li><\/ul><h5>Article 9 \u2014 Liens externes<\/h5><p>WAHAJ n\u2019est pas responsable du contenu des sites tiers accessibles via des liens.<\/p><h5>Article 10 \u2014 Droit applicable<\/h5><p>Les pr\u00e9sentes CGU sont soumises au droit marocain.<\/p>\t\t\t\t\t\t\t\t<\/div>\n\t\t\t\t<\/div>\n\t\t<div class=\"elementor-element elementor-element-20dc6ac e-con-full e-flex ecomus-responsive-column ecomus-tablet-column--default ecomus-responsive-column ecomus-mobile-column--default e-con e-child\" data-id=\"20dc6ac\" data-element_type=\"container\" data-e-type=\"container\">\n\t\t\t\t<\/div>\n\t\t\t\t\t<\/div>\n\t\t\t\t<\/div>\n\t\t\t\t<\/div>\n\t\t","protected":false},"excerpt":{"rendered":"<p>Article 1 \u2014 Objet Les pr\u00e9sentes CGU encadrent l\u2019utilisation du site WAHAJ Energy. Article 2 \u2014 Acc\u00e8s Le site est accessible \u00e0 tout utilisateur disposant d\u2019un acc\u00e8s internet.WAHAJ peut modifier, suspendre ou interrompre le site \u00e0 tout moment. Article 3 \u2014 Compte utilisateur L\u2019utilisateur est responsable de la confidentialit\u00e9 de ses identifiants et de l\u2019utilisation [&hellip;]<\/p>\n","protected":false},"author":1,"featured_media":0,"parent":0,"menu_order":0,"comment_status":"closed","ping_status":"closed","template":"","meta":{"_acf_changed":false,"footnotes":""},"class_list":["post-8376","page","type-page","status-publish","hentry"],"acf":[],"_links":{"self":[{"href":"https:\/\/www.wahaj.ma\/index.php?rest_route=\/wp\/v2\/pages\/8376","targetHints":{"allow":["GET"]}}],"collection":[{"href":"https:\/\/www.wahaj.ma\/index.php?rest_route=\/wp\/v2\/pages"}],"about":[{"href":"https:\/\/www.wahaj.ma\/index.php?rest_route=\/wp\/v2\/types\/page"}],"author":[{"embeddable":true,"href":"https:\/\/www.wahaj.ma\/index.php?rest_route=\/wp\/v2\/users\/1"}],"replies":[{"embeddable":true,"href":"https:\/\/www.wahaj.ma\/index.php?rest_route=%2Fwp%2Fv2%2Fcomments&post=8376"}],"version-history":[{"count":4,"href":"https:\/\/www.wahaj.ma\/index.php?rest_route=\/wp\/v2\/pages\/8376\/revisions"}],"predecessor-version":[{"id":9302,"href":"https:\/\/www.wahaj.ma\/index.php?rest_route=\/wp\/v2\/pages\/8376\/revisions\/9302"}],"wp:attachment":[{"href":"https:\/\/www.wahaj.ma\/index.php?rest_route=%2Fwp%2Fv2%2Fmedia&parent=8376"}],"curies":[{"name":"wp","href":"https:\/\/api.w.org\/{rel}","templated":true}]}}