{"id":394,"date":"2024-06-10T10:35:49","date_gmt":"2024-06-10T10:35:49","guid":{"rendered":"https:\/\/raw.githubusercontent.com\/drfuri\/demo-content\/main\/ecomus\/fashion\/images\/?page_id=394"},"modified":"2026-04-26T13:03:25","modified_gmt":"2026-04-26T13:03:25","slug":"coming-soon","status":"publish","type":"page","link":"https:\/\/www.wahaj.ma\/","title":{"rendered":"Coming Soon"},"content":{"rendered":"\t\t<div data-elementor-type=\"wp-page\" data-elementor-id=\"394\" class=\"elementor elementor-394\" data-elementor-post-type=\"page\">\n\t\t\t\t<div class=\"elementor-element elementor-element-ef2a5b e-grid e-con-boxed e-con e-parent\" data-id=\"ef2a5b\" data-element_type=\"container\" data-e-type=\"container\">\n\t\t\t\t\t<div class=\"e-con-inner\">\n\t\t\t\t<div class=\"elementor-element elementor-element-17a86fe4 elementor-widget elementor-widget-image\" data-id=\"17a86fe4\" data-element_type=\"widget\" data-e-type=\"widget\" data-widget_type=\"image.default\">\n\t\t\t\t\t\t\t\t\t\t\t\t\t\t\t<img decoding=\"async\" width=\"175\" height=\"42\" src=\"https:\/\/www.wahaj.ma\/wp-content\/uploads\/2026\/04\/wahaj-logo-final-01.svg\" class=\"attachment-full size-full wp-image-8215\" alt=\"\" \/>\t\t\t\t\t\t\t\t\t\t\t\t\t\t\t<\/div>\n\t\t\t\t\t<\/div>\n\t\t\t\t<\/div>\n\t\t<div class=\"elementor-element elementor-element-57ef4fb e-grid e-con-boxed e-con e-parent\" data-id=\"57ef4fb\" data-element_type=\"container\" data-e-type=\"container\">\n\t\t\t\t\t<div class=\"e-con-inner\">\n\t\t<div class=\"elementor-element elementor-element-1355cf42 e-flex e-con-boxed ecomus-responsive-column ecomus-tablet-column--default ecomus-responsive-column ecomus-mobile-column--default e-con e-child\" data-id=\"1355cf42\" data-element_type=\"container\" data-e-type=\"container\">\n\t\t\t\t\t<div class=\"e-con-inner\">\n\t\t\t\t<div class=\"elementor-element elementor-element-e1a0e30 elementor-widget elementor-widget-heading\" data-id=\"e1a0e30\" data-element_type=\"widget\" data-e-type=\"widget\" data-widget_type=\"heading.default\">\n\t\t\t\t\t<h2 class=\"elementor-heading-title elementor-size-default\">Coming Soon!<\/h2>\t\t\t\t<\/div>\n\t\t\t\t<div class=\"elementor-element elementor-element-62ca3f63 elementor-widget elementor-widget-text-editor\" data-id=\"62ca3f63\" data-element_type=\"widget\" data-e-type=\"widget\" data-widget_type=\"text-editor.default\">\n\t\t\t\t\t\t\t\t\t<p><strong>Stay tuned for the launch of the new version of our website on May 7.<\/strong><\/p><p><strong>\u062a\u0631\u0642\u0628\u0648\u0627 \u0625\u0637\u0644\u0627\u0642 \u0627\u0644\u0646\u0633\u062e\u0629 \u0627\u0644\u062c\u062f\u064a\u062f\u0629 \u0645\u0646 \u0645\u0648\u0642\u0639\u0646\u0627 \u0641\u064a \u0627\u0644\u0633\u0627\u0628\u0639 \u0645\u0646 \u0645\u0627\u064a\u0648 \u0627\u0644\u0645\u0642\u0628\u0644.<\/strong><\/p><p><strong>Restez \u00e0 l&#8217;\u00e9coute pour le lancement de la nouvelle version de notre site web le 7 Mai.<\/strong><\/p>\t\t\t\t\t\t\t\t<\/div>\n\t\t\t\t<div class=\"elementor-element elementor-element-79c31b68 elementor-widget elementor-widget-ecomus-subscribe-box\" data-id=\"79c31b68\" data-element_type=\"widget\" data-e-type=\"widget\" data-widget_type=\"ecomus-subscribe-box.default\">\n\t\t\t\t<div class=\"elementor-widget-container\">\n\t\t\t\t\t    <div class=\"ecomus-subscribe-box ecomus-subscribe-box__type-column\">\n      <div class=\"ecomus-subscribe-box__content\"><script>(function() {\n\twindow.mc4wp = window.mc4wp || {\n\t\tlisteners: [],\n\t\tforms: {\n\t\t\ton: function(evt, cb) {\n\t\t\t\twindow.mc4wp.listeners.push(\n\t\t\t\t\t{\n\t\t\t\t\t\tevent   : evt,\n\t\t\t\t\t\tcallback: cb\n\t\t\t\t\t}\n\t\t\t\t);\n\t\t\t}\n\t\t}\n\t}\n})();\n<\/script><!-- Mailchimp for WordPress v4.12.1 - https:\/\/wordpress.org\/plugins\/mailchimp-for-wp\/ --><form id=\"mc4wp-form-1\" class=\"mc4wp-form mc4wp-form-215\" method=\"post\" data-id=\"215\" data-name=\"Ecomus Form\" ><div class=\"mc4wp-form-fields\"><input type=\"email\" name=\"EMAIL\" placeholder=\"Your email address\" required \/>\n<button type=\"submit\">Subscribe <svg class=\"ecomus-svg-icon\" xmlns=\"http:\/\/www.w3.org\/2000\/svg\" width=\"8\" height=\"8\" viewBox=\"0 0 64 64\" fill=\"currentColor\"><path d=\"M6.89,64,0,57.11,47.26,9.85H4.92V0H64V59.08H54.15V16.74Z\"><\/path><\/svg><\/button><\/div><label style=\"display: none !important;\">Leave this field empty if you're human: <input type=\"text\" name=\"_mc4wp_honeypot\" value=\"\" tabindex=\"-1\" autocomplete=\"off\" \/><\/label><input type=\"hidden\" name=\"_mc4wp_timestamp\" value=\"1777813165\" \/><input type=\"hidden\" name=\"_mc4wp_form_id\" value=\"215\" \/><input type=\"hidden\" name=\"_mc4wp_form_element_id\" value=\"mc4wp-form-1\" \/><div class=\"mc4wp-response\"><\/div><\/form><!-- \/ Mailchimp for WordPress Plugin --><\/div>    <\/div>\n    \t\t\t\t<\/div>\n\t\t\t\t<\/div>\n\t\t\t\t<div class=\"elementor-element elementor-element-4cc256a9 ecomus-social-icons__style--outline elementor-widget elementor-widget-ecomus-social-icons\" data-id=\"4cc256a9\" data-element_type=\"widget\" data-e-type=\"widget\" data-widget_type=\"ecomus-social-icons.default\">\n\t\t\t\t<div class=\"elementor-widget-container\">\n\t\t\t\t\t\t\t<div class=\"ecomus-social-icons__wrapper\">\n\t\t\t\t\t\t\t<a class=\"ecomus-social-icons__item ecomus-social-icon-linkedin-in elementor-repeater-item-bfe98d6\" href=\"http:\/\/w.linkedin.com\/company\/wahajenergy\" target=\"_blank\" =Social Icon Link rel=\"noopener\">\n\t\t\t\t\t\t\t\t\t\t\t<span class=\"ecomus-svg-icon\"><svg class=\"e-font-icon-svg e-fab-linkedin-in\" viewBox=\"0 0 448 512\" xmlns=\"http:\/\/www.w3.org\/2000\/svg\"><path d=\"M100.28 448H7.4V148.9h92.88zM53.79 108.1C24.09 108.1 0 83.5 0 53.8a53.79 53.79 0 0 1 107.58 0c0 29.7-24.1 54.3-53.79 54.3zM447.9 448h-92.68V302.4c0-34.7-.7-79.2-48.29-79.2-48.29 0-55.69 37.7-55.69 76.7V448h-92.78V148.9h89.08v40.8h1.3c12.4-23.5 42.69-48.3 87.88-48.3 94 0 111.28 61.9 111.28 142.3V448z\"><\/path><\/svg><\/span>\t\t\t\t\t\t\t\t\t<\/a>\n\t\t\t\t\t\t\t<a class=\"ecomus-social-icons__item ecomus-social-icon-facebook-f elementor-repeater-item-03cd66e\" href=\"https:\/\/web.facebook.com\/wehajenergy\" target=\"_blank\" =Social Icon Link rel=\"noopener\">\n\t\t\t\t\t\t\t\t\t\t\t<span class=\"ecomus-svg-icon\"><svg class=\"e-font-icon-svg e-fab-facebook-f\" viewBox=\"0 0 320 512\" xmlns=\"http:\/\/www.w3.org\/2000\/svg\"><path d=\"M279.14 288l14.22-92.66h-88.91v-60.13c0-25.35 12.42-50.06 52.24-50.06h40.42V6.26S260.43 0 225.36 0c-73.22 0-121.08 44.38-121.08 124.72v70.62H22.89V288h81.39v224h100.17V288z\"><\/path><\/svg><\/span>\t\t\t\t\t\t\t\t\t<\/a>\n\t\t\t\t\t<\/div>\n\t\t\t\t\t\t<\/div>\n\t\t\t\t<\/div>\n\t\t\t\t\t<\/div>\n\t\t\t\t<\/div>\n\t\t\t\t\t<\/div>\n\t\t\t\t<\/div>\n\t\t\t\t<\/div>\n\t\t","protected":false},"excerpt":{"rendered":"<p>Coming Soon! Stay tuned for the launch of the new version of our website on May 7. \u062a\u0631\u0642\u0628\u0648\u0627 \u0625\u0637\u0644\u0627\u0642 \u0627\u0644\u0646\u0633\u062e\u0629 \u0627\u0644\u062c\u062f\u064a\u062f\u0629 \u0645\u0646 \u0645\u0648\u0642\u0639\u0646\u0627 \u0641\u064a \u0627\u0644\u0633\u0627\u0628\u0639 \u0645\u0646 \u0645\u0627\u064a\u0648 \u0627\u0644\u0645\u0642\u0628\u0644. Restez \u00e0 l&#8217;\u00e9coute pour le lancement de la nouvelle version de notre site web le 7 Mai. Subscribe Laissez ce champ vide si vous \u00eates humain\u00a0:<\/p>\n","protected":false},"author":1,"featured_media":0,"parent":0,"menu_order":0,"comment_status":"closed","ping_status":"closed","template":"","meta":{"_acf_changed":false,"footnotes":""},"class_list":["post-394","page","type-page","status-publish","hentry"],"acf":[],"_links":{"self":[{"href":"https:\/\/www.wahaj.ma\/index.php?rest_route=\/wp\/v2\/pages\/394","targetHints":{"allow":["GET"]}}],"collection":[{"href":"https:\/\/www.wahaj.ma\/index.php?rest_route=\/wp\/v2\/pages"}],"about":[{"href":"https:\/\/www.wahaj.ma\/index.php?rest_route=\/wp\/v2\/types\/page"}],"author":[{"embeddable":true,"href":"https:\/\/www.wahaj.ma\/index.php?rest_route=\/wp\/v2\/users\/1"}],"replies":[{"embeddable":true,"href":"https:\/\/www.wahaj.ma\/index.php?rest_route=%2Fwp%2Fv2%2Fcomments&post=394"}],"version-history":[{"count":18,"href":"https:\/\/www.wahaj.ma\/index.php?rest_route=\/wp\/v2\/pages\/394\/revisions"}],"predecessor-version":[{"id":9542,"href":"https:\/\/www.wahaj.ma\/index.php?rest_route=\/wp\/v2\/pages\/394\/revisions\/9542"}],"wp:attachment":[{"href":"https:\/\/www.wahaj.ma\/index.php?rest_route=%2Fwp%2Fv2%2Fmedia&parent=394"}],"curies":[{"name":"wp","href":"https:\/\/api.w.org\/{rel}","templated":true}]}}